{"id":5502,"date":"2022-11-26T05:53:14","date_gmt":"2022-11-26T02:53:14","guid":{"rendered":"https:\/\/leadereu.com\/services\/"},"modified":"2024-09-19T17:35:36","modified_gmt":"2024-09-19T14:35:36","slug":"services","status":"publish","type":"page","link":"https:\/\/leadereu.com\/tr\/services\/","title":{"rendered":"Hizmetlerimiz"},"content":{"rendered":"\t\t<div data-elementor-type=\"wp-page\" data-elementor-id=\"5502\" class=\"elementor elementor-5502 elementor-2160\">\n\t\t\t\t\t\t<section class=\"elementor-section elementor-inner-section elementor-element elementor-element-dcd65a2 elementor-section-full_width elementor-section-height-default elementor-section-height-default\" data-id=\"dcd65a2\" data-element_type=\"section\">\n\t\t\t\t\t\t<div class=\"elementor-container elementor-column-gap-no\">\n\t\t\t\t\t<div class=\"elementor-column elementor-col-100 elementor-inner-column elementor-element elementor-element-64f2cf3\" data-id=\"64f2cf3\" data-element_type=\"column\">\n\t\t\t<div class=\"elementor-widget-wrap elementor-element-populated\">\n\t\t\t\t\t\t<div class=\"elementor-element elementor-element-f14a269 elementor-widget elementor-widget-heading\" data-id=\"f14a269\" data-element_type=\"widget\" data-widget_type=\"heading.default\">\n\t\t\t\t<div class=\"elementor-widget-container\">\n\t\t\t<style>\/*! elementor - v3.23.0 - 05-08-2024 *\/\n.elementor-heading-title{padding:0;margin:0;line-height:1}.elementor-widget-heading .elementor-heading-title[class*=elementor-size-]>a{color:inherit;font-size:inherit;line-height:inherit}.elementor-widget-heading .elementor-heading-title.elementor-size-small{font-size:15px}.elementor-widget-heading .elementor-heading-title.elementor-size-medium{font-size:19px}.elementor-widget-heading .elementor-heading-title.elementor-size-large{font-size:29px}.elementor-widget-heading .elementor-heading-title.elementor-size-xl{font-size:39px}.elementor-widget-heading .elementor-heading-title.elementor-size-xxl{font-size:59px}<\/style><h4 class=\"elementor-heading-title elementor-size-default\">~ Hizmetlerimiz ~<\/h4>\t\t<\/div>\n\t\t\t\t<\/div>\n\t\t\t\t<div class=\"elementor-element elementor-element-9e77761 sec_title elementor-widget elementor-widget-heading\" data-id=\"9e77761\" data-element_type=\"widget\" data-widget_type=\"heading.default\">\n\t\t\t\t<div class=\"elementor-widget-container\">\n\t\t\t<h3 class=\"elementor-heading-title elementor-size-default\">Leader EU<span> Hizmetleri<\/span><\/h3>\t\t<\/div>\n\t\t\t\t<\/div>\n\t\t\t\t\t<\/div>\n\t\t<\/div>\n\t\t\t\t\t<\/div>\n\t\t<\/section>\n\t\t\t\t<section class=\"elementor-section elementor-top-section elementor-element elementor-element-3be501a elementor-section-boxed elementor-section-height-default elementor-section-height-default\" data-id=\"3be501a\" data-element_type=\"section\">\n\t\t\t\t\t\t<div class=\"elementor-container elementor-column-gap-default\">\n\t\t\t\t\t<div class=\"elementor-column elementor-col-100 elementor-top-column elementor-element elementor-element-c7365b1\" data-id=\"c7365b1\" data-element_type=\"column\">\n\t\t\t<div class=\"elementor-widget-wrap elementor-element-populated\">\n\t\t\t\t\t\t<section class=\"elementor-section elementor-inner-section elementor-element elementor-element-bd7a418 elementor-section-full_width elementor-section-height-default elementor-section-height-default\" data-id=\"bd7a418\" data-element_type=\"section\">\n\t\t\t\t\t\t<div class=\"elementor-container elementor-column-gap-no\">\n\t\t\t\t\t<div class=\"elementor-column elementor-col-50 elementor-inner-column elementor-element elementor-element-150918b\" data-id=\"150918b\" data-element_type=\"column\">\n\t\t\t<div class=\"elementor-widget-wrap elementor-element-populated\">\n\t\t\t\t\t\t<div class=\"elementor-element elementor-element-0595075 elementor-widget elementor-widget-vervoer_service_block\" data-id=\"0595075\" data-element_type=\"widget\" data-widget_type=\"vervoer_service_block.default\">\n\t\t\t\t<div class=\"elementor-widget-container\">\n\t\t\t\t\t\n\t\t<!-- Service Section One -->\n\t\t<section class=\"service-001 \">\n\t\t\t<div class=\"container\">\n\t\t\t\t<div class=\"row\">\n\t\t\t\t\t<div class=\"col-sm-12 colmun\">\n\t\t\t\t\t\t<div class=\"service-block-001 mb_30 wow fadeInUp animated\" data-wow-delay=\"00ms\" data-wow-duration=\"1500ms\">\n\t\t\t\t\t\t\t\t\t\t\t\t\t\t<div class=\"service-inner\" style=\"background-image: url(https:\/\/leadereu.com\/wp-content\/uploads\/2024\/09\/ucak.png);\">\n\t\t\t\t\t\t\t\t\t\t\t\t\t\t\t<div class=\"logo-icon\">\n\t\t\t\t\t\t\t\t\t   \n\t\t\t\t\t\t\t\t\t<img decoding=\"async\" src=\"https:\/\/leadereu.com\/wp-content\/uploads\/2022\/11\/air-freight-2.png\" alt=\"\"\/>\n\t\t\t\t\t\t\t\t\t\t\t\t\t\t\t\t\t<\/div>\n\t\t\t\t\t\t\t\t<div class=\"tag\">\n\t\t\t\t\t\t\t\t\t\t\t\t\t\t\t\t\t\t<div class=\"noimage\"><\/div>\n\t\t\t\t\t\t\t\t\t\t\t\t\t\t\t\t\t<\/div>\n\t\t\t\t\t\t\t\t<div class=\"show-content\">\n\t\t\t\t\t\t\t\t\t<div class=\"text-area\">\n\t\t\t\t\t\t\t\t\t\t<h4><a href=\"https:\/\/leadereu.com\/air-freight-4\/\">Hava Ta\u015f\u0131mac\u0131l\u0131\u011f\u0131<\/a><\/h4>\n\t\t\t\t\t\t\t\t\t\t<p>H\u0131zl\u0131 ve g\u00fcvenli havayolu ta\u015f\u0131mac\u0131l\u0131\u011f\u0131 \u00e7\u00f6z\u00fcmlerimizle zaman kazan\u0131n ve i\u015finize h\u0131z kat\u0131n.\n\n<\/p>\n\t\t\t\t\t\t\t\t\t<\/div>\n\t\t\t\t\t\t\t\t\t<div class=\"image-box\">\n\t\t\t\t\t\t\t\t\t\t   \n\t\t\t\t\t\t\t\t\t\t<img decoding=\"async\" src=\"https:\/\/leadereu.com\/wp-content\/uploads\/2024\/09\/ucak.png\" alt=\"\"\/>\n\t\t\t\t\t\t\t\t\t\t\t\t\t\t\t\t\t\t\t<\/div>                             \n\t\t\t\t\t\t\t\t<\/div>                        \n\t\t\t\t\t\t\t\t<div class=\"hidden-content\">\n\t\t\t\t\t\t\t\t\t<div class=\"text-area\">\n\t\t\t\t\t\t\t\t\t\t<h4><a href=\"https:\/\/leadereu.com\/air-freight-4\/\">Hava Ta\u015f\u0131mac\u0131l\u0131\u011f\u0131<\/a><\/h4>\n\t\t\t\t\t\t\t\t\t\t<p>H\u0131zl\u0131 ve g\u00fcvenli havayolu ta\u015f\u0131mac\u0131l\u0131\u011f\u0131 \u00e7\u00f6z\u00fcmlerimizle zaman kazan\u0131n ve i\u015finize h\u0131z kat\u0131n.\n\n<\/p>\n\t\t\t\t\t\t\t\t\t\t<div class=\"link-button\"><a href=\"https:\/\/leadereu.com\/air-freight-4\/\"><i class=\"flaticon-right-arrow-1\"><\/i><\/a><\/div>\n\t\t\t\t\t\t\t\t\t<\/div>\n\t\t\t\t\t\t\t\t<\/div>\n\t\t\t\t\t\t\t<\/div>\n\t\t\t\t\t\t<\/div>\n\t\t\t\t\t<\/div>\n\t\t\t\t<\/div>\n\t\t\t<\/div>\n\t\t<\/section>\n\t\t<!-- End Service Section One -->\n             \n\t\t\t\t<\/div>\n\t\t\t\t<\/div>\n\t\t\t\t\t<\/div>\n\t\t<\/div>\n\t\t\t\t<div class=\"elementor-column elementor-col-50 elementor-inner-column elementor-element elementor-element-7f919cd\" data-id=\"7f919cd\" data-element_type=\"column\">\n\t\t\t<div class=\"elementor-widget-wrap elementor-element-populated\">\n\t\t\t\t\t\t<div class=\"elementor-element elementor-element-6528f23 elementor-widget elementor-widget-vervoer_service_block\" data-id=\"6528f23\" data-element_type=\"widget\" data-widget_type=\"vervoer_service_block.default\">\n\t\t\t\t<div class=\"elementor-widget-container\">\n\t\t\t\t\t\n\t\t<!-- Service Section One -->\n\t\t<section class=\"service-001 \">\n\t\t\t<div class=\"container\">\n\t\t\t\t<div class=\"row\">\n\t\t\t\t\t<div class=\"col-sm-12 colmun\">\n\t\t\t\t\t\t<div class=\"service-block-001 mb_30 wow fadeInUp animated\" data-wow-delay=\"00ms\" data-wow-duration=\"1500ms\">\n\t\t\t\t\t\t\t\t\t\t\t\t\t\t<div class=\"service-inner\" style=\"background-image: url(https:\/\/leadereu.com\/wp-content\/uploads\/2024\/09\/tren.png);\">\n\t\t\t\t\t\t\t\t\t\t\t\t\t\t\t<div class=\"logo-icon\">\n\t\t\t\t\t\t\t\t\t   \n\t\t\t\t\t\t\t\t\t<img decoding=\"async\" src=\"https:\/\/leadereu.com\/wp-content\/uploads\/2022\/11\/rail-freight-2.png\" alt=\"\"\/>\n\t\t\t\t\t\t\t\t\t\t\t\t\t\t\t\t\t<\/div>\n\t\t\t\t\t\t\t\t<div class=\"tag\">\n\t\t\t\t\t\t\t\t\t\t\t\t\t\t\t\t\t\t<div class=\"noimage\"><\/div>\n\t\t\t\t\t\t\t\t\t\t\t\t\t\t\t\t\t<\/div>\n\t\t\t\t\t\t\t\t<div class=\"show-content\">\n\t\t\t\t\t\t\t\t\t<div class=\"text-area\">\n\t\t\t\t\t\t\t\t\t\t<h4><a href=\"https:\/\/leadereu.com\/rail-freight-4\/\">Demiryolu Ta\u015f\u0131mac\u0131l\u0131\u011f\u0131<\/a><\/h4>\n\t\t\t\t\t\t\t\t\t\t<p>Ekonomik ve \u00e7evre dostu lojistik \u00e7\u00f6z\u00fcmleri sunan demiryolu ta\u015f\u0131mac\u0131l\u0131\u011f\u0131 hizmetlerimizden faydalan\u0131n.\n\n<\/p>\n\t\t\t\t\t\t\t\t\t<\/div>\n\t\t\t\t\t\t\t\t\t<div class=\"image-box\">\n\t\t\t\t\t\t\t\t\t\t   \n\t\t\t\t\t\t\t\t\t\t<img decoding=\"async\" src=\"https:\/\/leadereu.com\/wp-content\/uploads\/2024\/09\/tren.png\" alt=\"\"\/>\n\t\t\t\t\t\t\t\t\t\t\t\t\t\t\t\t\t\t\t<\/div>                             \n\t\t\t\t\t\t\t\t<\/div>                        \n\t\t\t\t\t\t\t\t<div class=\"hidden-content\">\n\t\t\t\t\t\t\t\t\t<div class=\"text-area\">\n\t\t\t\t\t\t\t\t\t\t<h4><a href=\"https:\/\/leadereu.com\/rail-freight-4\/\">Demiryolu Ta\u015f\u0131mac\u0131l\u0131\u011f\u0131<\/a><\/h4>\n\t\t\t\t\t\t\t\t\t\t<p>Ekonomik ve \u00e7evre dostu lojistik \u00e7\u00f6z\u00fcmleri sunan demiryolu ta\u015f\u0131mac\u0131l\u0131\u011f\u0131 hizmetlerimizden faydalan\u0131n.\n\n<\/p>\n\t\t\t\t\t\t\t\t\t\t<div class=\"link-button\"><a href=\"https:\/\/leadereu.com\/rail-freight-4\/\"><i class=\"flaticon-right-arrow-1\"><\/i><\/a><\/div>\n\t\t\t\t\t\t\t\t\t<\/div>\n\t\t\t\t\t\t\t\t<\/div>\n\t\t\t\t\t\t\t<\/div>\n\t\t\t\t\t\t<\/div>\n\t\t\t\t\t<\/div>\n\t\t\t\t<\/div>\n\t\t\t<\/div>\n\t\t<\/section>\n\t\t<!-- End Service Section One -->\n             \n\t\t\t\t<\/div>\n\t\t\t\t<\/div>\n\t\t\t\t\t<\/div>\n\t\t<\/div>\n\t\t\t\t\t<\/div>\n\t\t<\/section>\n\t\t\t\t<section class=\"elementor-section elementor-inner-section elementor-element elementor-element-a379c25 elementor-section-full_width elementor-section-height-default elementor-section-height-default\" data-id=\"a379c25\" data-element_type=\"section\">\n\t\t\t\t\t\t<div class=\"elementor-container elementor-column-gap-no\">\n\t\t\t\t\t<div class=\"elementor-column elementor-col-50 elementor-inner-column elementor-element elementor-element-bbc8813\" data-id=\"bbc8813\" data-element_type=\"column\">\n\t\t\t<div class=\"elementor-widget-wrap elementor-element-populated\">\n\t\t\t\t\t\t<div class=\"elementor-element elementor-element-ee246a6 elementor-widget elementor-widget-vervoer_service_block\" data-id=\"ee246a6\" data-element_type=\"widget\" data-widget_type=\"vervoer_service_block.default\">\n\t\t\t\t<div class=\"elementor-widget-container\">\n\t\t\t\t\t\n\t\t<!-- Service Section One -->\n\t\t<section class=\"service-001 \">\n\t\t\t<div class=\"container\">\n\t\t\t\t<div class=\"row\">\n\t\t\t\t\t<div class=\"col-sm-12 colmun\">\n\t\t\t\t\t\t<div class=\"service-block-001 mb_30 wow fadeInUp animated\" data-wow-delay=\"00ms\" data-wow-duration=\"1500ms\">\n\t\t\t\t\t\t\t\t\t\t\t\t\t\t<div class=\"service-inner\" style=\"background-image: url(https:\/\/leadereu.com\/wp-content\/uploads\/2024\/09\/karayolu.png);\">\n\t\t\t\t\t\t\t\t\t\t\t\t\t\t\t<div class=\"logo-icon\">\n\t\t\t\t\t\t\t\t\t   \n\t\t\t\t\t\t\t\t\t<img decoding=\"async\" src=\"https:\/\/leadereu.com\/wp-content\/uploads\/2022\/11\/road-freight-2.png\" alt=\"\"\/>\n\t\t\t\t\t\t\t\t\t\t\t\t\t\t\t\t\t<\/div>\n\t\t\t\t\t\t\t\t<div class=\"tag\">\n\t\t\t\t\t\t\t\t\t\t\t\t\t\t\t\t\t\t<div class=\"noimage\"><\/div>\n\t\t\t\t\t\t\t\t\t\t\t\t\t\t\t\t\t<\/div>\n\t\t\t\t\t\t\t\t<div class=\"show-content\">\n\t\t\t\t\t\t\t\t\t<div class=\"text-area\">\n\t\t\t\t\t\t\t\t\t\t<h4><a href=\"http:\/\/finestwp.com\/vervoer\/road-freight\/\">Karayolu Ta\u015f\u0131mac\u0131l\u0131\u011f\u0131<\/a><\/h4>\n\t\t\t\t\t\t\t\t\t\t<p>Esnek ve h\u0131zl\u0131 karayolu ta\u015f\u0131mac\u0131l\u0131\u011f\u0131 \u00e7\u00f6z\u00fcmleriyle her noktaya kolayca ula\u015f\u0131yoruz.\n\n<\/p>\n\t\t\t\t\t\t\t\t\t<\/div>\n\t\t\t\t\t\t\t\t\t<div class=\"image-box\">\n\t\t\t\t\t\t\t\t\t\t   \n\t\t\t\t\t\t\t\t\t\t<img decoding=\"async\" src=\"https:\/\/leadereu.com\/wp-content\/uploads\/2024\/09\/karayolu.png\" alt=\"\"\/>\n\t\t\t\t\t\t\t\t\t\t\t\t\t\t\t\t\t\t\t<\/div>                             \n\t\t\t\t\t\t\t\t<\/div>                        \n\t\t\t\t\t\t\t\t<div class=\"hidden-content\">\n\t\t\t\t\t\t\t\t\t<div class=\"text-area\">\n\t\t\t\t\t\t\t\t\t\t<h4><a href=\"http:\/\/finestwp.com\/vervoer\/road-freight\/\">Karayolu Ta\u015f\u0131mac\u0131l\u0131\u011f\u0131<\/a><\/h4>\n\t\t\t\t\t\t\t\t\t\t<p>Esnek ve h\u0131zl\u0131 karayolu ta\u015f\u0131mac\u0131l\u0131\u011f\u0131 \u00e7\u00f6z\u00fcmleriyle her noktaya kolayca ula\u015f\u0131yoruz.\n\n<\/p>\n\t\t\t\t\t\t\t\t\t\t<div class=\"link-button\"><a href=\"http:\/\/finestwp.com\/vervoer\/road-freight\/\"><i class=\"flaticon-right-arrow-1\"><\/i><\/a><\/div>\n\t\t\t\t\t\t\t\t\t<\/div>\n\t\t\t\t\t\t\t\t<\/div>\n\t\t\t\t\t\t\t<\/div>\n\t\t\t\t\t\t<\/div>\n\t\t\t\t\t<\/div>\n\t\t\t\t<\/div>\n\t\t\t<\/div>\n\t\t<\/section>\n\t\t<!-- End Service Section One -->\n             \n\t\t\t\t<\/div>\n\t\t\t\t<\/div>\n\t\t\t\t\t<\/div>\n\t\t<\/div>\n\t\t\t\t<div class=\"elementor-column elementor-col-50 elementor-inner-column elementor-element elementor-element-3d0702d\" data-id=\"3d0702d\" data-element_type=\"column\">\n\t\t\t<div class=\"elementor-widget-wrap elementor-element-populated\">\n\t\t\t\t\t\t<div class=\"elementor-element elementor-element-0a1d0b3 elementor-widget elementor-widget-vervoer_service_block\" data-id=\"0a1d0b3\" data-element_type=\"widget\" data-widget_type=\"vervoer_service_block.default\">\n\t\t\t\t<div class=\"elementor-widget-container\">\n\t\t\t\t\t\n\t\t<!-- Service Section One -->\n\t\t<section class=\"service-001 \">\n\t\t\t<div class=\"container\">\n\t\t\t\t<div class=\"row\">\n\t\t\t\t\t<div class=\"col-sm-12 colmun\">\n\t\t\t\t\t\t<div class=\"service-block-001 mb_30 wow fadeInUp animated\" data-wow-delay=\"00ms\" data-wow-duration=\"1500ms\">\n\t\t\t\t\t\t\t\t\t\t\t\t\t\t<div class=\"service-inner\" style=\"background-image: url(https:\/\/leadereu.com\/wp-content\/uploads\/2024\/09\/importexport.png);\">\n\t\t\t\t\t\t\t\t\t\t\t\t\t\t\t<div class=\"logo-icon\">\n\t\t\t\t\t\t\t\t\t   \n\t\t\t\t\t\t\t\t\t<img decoding=\"async\" src=\"https:\/\/leadereu.com\/wp-content\/uploads\/2024\/09\/import-icon.png\" alt=\"\"\/>\n\t\t\t\t\t\t\t\t\t\t\t\t\t\t\t\t\t<\/div>\n\t\t\t\t\t\t\t\t<div class=\"tag\">\n\t\t\t\t\t\t\t\t\t\t\t\t\t\t\t\t\t\t<div class=\"noimage\"><\/div>\n\t\t\t\t\t\t\t\t\t\t\t\t\t\t\t\t\t<\/div>\n\t\t\t\t\t\t\t\t<div class=\"show-content\">\n\t\t\t\t\t\t\t\t\t<div class=\"text-area\">\n\t\t\t\t\t\t\t\t\t\t<h4><a href=\"http:\/\/finestwp.com\/vervoer\/road-freight\/\">\u0130thalat & \u0130hracat<\/a><\/h4>\n\t\t\t\t\t\t\t\t\t\t<p>K\u00fcresel ticaret f\u0131rsatlar\u0131n\u0131 ke\u015ffedin ve s\u0131n\u0131rlar\u0131 a\u015fan \u00e7\u00f6z\u00fcmlerimizle i\u015finizi daha da ileriye ta\u015f\u0131y\u0131n.\n\n<\/p>\n\t\t\t\t\t\t\t\t\t<\/div>\n\t\t\t\t\t\t\t\t\t<div class=\"image-box\">\n\t\t\t\t\t\t\t\t\t\t   \n\t\t\t\t\t\t\t\t\t\t<img decoding=\"async\" src=\"https:\/\/leadereu.com\/wp-content\/uploads\/2024\/09\/importexport.png\" alt=\"\"\/>\n\t\t\t\t\t\t\t\t\t\t\t\t\t\t\t\t\t\t\t<\/div>                             \n\t\t\t\t\t\t\t\t<\/div>                        \n\t\t\t\t\t\t\t\t<div class=\"hidden-content\">\n\t\t\t\t\t\t\t\t\t<div class=\"text-area\">\n\t\t\t\t\t\t\t\t\t\t<h4><a href=\"http:\/\/finestwp.com\/vervoer\/road-freight\/\">\u0130thalat & \u0130hracat<\/a><\/h4>\n\t\t\t\t\t\t\t\t\t\t<p>K\u00fcresel ticaret f\u0131rsatlar\u0131n\u0131 ke\u015ffedin ve s\u0131n\u0131rlar\u0131 a\u015fan \u00e7\u00f6z\u00fcmlerimizle i\u015finizi daha da ileriye ta\u015f\u0131y\u0131n.\n\n<\/p>\n\t\t\t\t\t\t\t\t\t\t<div class=\"link-button\"><a href=\"http:\/\/finestwp.com\/vervoer\/road-freight\/\"><i class=\"flaticon-right-arrow-1\"><\/i><\/a><\/div>\n\t\t\t\t\t\t\t\t\t<\/div>\n\t\t\t\t\t\t\t\t<\/div>\n\t\t\t\t\t\t\t<\/div>\n\t\t\t\t\t\t<\/div>\n\t\t\t\t\t<\/div>\n\t\t\t\t<\/div>\n\t\t\t<\/div>\n\t\t<\/section>\n\t\t<!-- End Service Section One -->\n             \n\t\t\t\t<\/div>\n\t\t\t\t<\/div>\n\t\t\t\t\t<\/div>\n\t\t<\/div>\n\t\t\t\t\t<\/div>\n\t\t<\/section>\n\t\t\t\t\t<\/div>\n\t\t<\/div>\n\t\t\t\t\t<\/div>\n\t\t<\/section>\n\t\t\t\t<section class=\"elementor-section elementor-top-section elementor-element elementor-element-d1ba4c8 elementor-section-full_width elementor-section-height-default elementor-section-height-default\" data-id=\"d1ba4c8\" data-element_type=\"section\">\n\t\t\t\t\t\t<div class=\"elementor-container elementor-column-gap-no\">\n\t\t\t\t\t<div class=\"elementor-column elementor-col-100 elementor-top-column elementor-element elementor-element-58c405a\" data-id=\"58c405a\" data-element_type=\"column\">\n\t\t\t<div class=\"elementor-widget-wrap elementor-element-populated\">\n\t\t\t\t\t\t<div class=\"elementor-element elementor-element-18bc792 elementor-widget elementor-widget-vervoer_funfact\" data-id=\"18bc792\" data-element_type=\"widget\" data-widget_type=\"vervoer_funfact.default\">\n\t\t\t\t<div class=\"elementor-widget-container\">\n\t\t\t\t\t\n\t\t<section class=\"company-feature-section sec-padd-150 \">\n\t\t\t<div class=\"container\">\n\t\t\t\t<div class=\"row company-feature\">\n\t\t\t\t\n\t\t\t\t\t\t\t\t\t\n\t\t\t\t\t<div class=\"col-xl-4 col-lg-4 col-md-6 col-sm-12 colmun\">\n\t\t\t\t\t\t<div class=\"feature-block-two centred wow slideInUp animated\" data-wow-delay=\"00ms\" data-wow-duration=\"1500ms\">\n\t\t\t\t\t\t\t<div class=\"icon-box\">\n\t\t\t\t\t\t\t\t<i class=\" flaticon-worldwide-shipping\"><\/i>\n\t\t\t\t\t\t\t<\/div>\n\t\t\t\t\t\t\t<div class=\"count-box\">\n\t\t\t\t\t\t\t\t<span class=\"count-text\" data-speed=\"1500\" data-stop=\"1.5\">0<\/span><span>k<\/span>\n\t\t\t\t\t\t\t<\/div>\n\t\t\t\t\t\t\t<h6 class=\"title\">\u015eubelerimiz <br>D\u00fcnyan\u0131n D\u00f6rt Bir Yan\u0131nda<\/h6>\n\t\t\t\t\t\t<\/div>\n\t\t\t\t\t<\/div>\n\t\t\t\t\t\n\t\t\t\t\t\t\t\t\t\n\t\t\t\t\t<div class=\"col-xl-4 col-lg-4 col-md-6 col-sm-12 colmun\">\n\t\t\t\t\t\t<div class=\"feature-block-two centred wow slideInUp animated\" data-wow-delay=\"00ms\" data-wow-duration=\"1500ms\">\n\t\t\t\t\t\t\t<div class=\"icon-box\">\n\t\t\t\t\t\t\t\t<i class=\" flaticon-container-2\"><\/i>\n\t\t\t\t\t\t\t<\/div>\n\t\t\t\t\t\t\t<div class=\"count-box\">\n\t\t\t\t\t\t\t\t<span class=\"count-text\" data-speed=\"1500\" data-stop=\"5.5\">0<\/span><span>k<\/span>\n\t\t\t\t\t\t\t<\/div>\n\t\t\t\t\t\t\t<h6 class=\"title\">D\u00fcnya \u00c7ap\u0131nda <br>\u00c7al\u0131\u015fan \u0130nsanlar<\/h6>\n\t\t\t\t\t\t<\/div>\n\t\t\t\t\t<\/div>\n\t\t\t\t\t\n\t\t\t\t\t\t\t\t\t\n\t\t\t\t\t<div class=\"col-xl-4 col-lg-4 col-md-6 col-sm-12 colmun\">\n\t\t\t\t\t\t<div class=\"feature-block-two centred wow slideInUp animated\" data-wow-delay=\"00ms\" data-wow-duration=\"1500ms\">\n\t\t\t\t\t\t\t<div class=\"icon-box\">\n\t\t\t\t\t\t\t\t<i class=\" flaticon-building\"><\/i>\n\t\t\t\t\t\t\t<\/div>\n\t\t\t\t\t\t\t<div class=\"count-box\">\n\t\t\t\t\t\t\t\t<span class=\"count-text\" data-speed=\"1500\" data-stop=\"5.5\">0<\/span><span>k<\/span>\n\t\t\t\t\t\t\t<\/div>\n\t\t\t\t\t\t\t<h6 class=\"title\">Toplam Paket<br>Teslimat<\/h6>\n\t\t\t\t\t\t<\/div>\n\t\t\t\t\t<\/div>\n\t\t\t\t\t\n\t\t\t\t\t\t\t\t\t\t\n\t\t\t\t<\/div>\n\t\t\t<\/div>\n\t\t\t<div class=\"shape wow slideInRight animated\" data-wow-delay=\"200ms\" data-wow-duration=\"2000ms\">\n\t\t\t\t   \n\t\t\t\t<img decoding=\"async\" src=\"https:\/\/leadereu.com\/wp-content\/uploads\/2022\/11\/shape-9.png\" alt=\"\"\/>\n\t\t\t\t\t\t\t<\/div>\n\t\t<\/section>\n             \n\t\t\t\t<\/div>\n\t\t\t\t<\/div>\n\t\t\t\t\t<\/div>\n\t\t<\/div>\n\t\t\t\t\t<\/div>\n\t\t<\/section>\n\t\t\t\t<\/div>\n\t\t","protected":false},"excerpt":{"rendered":"<p>~ Hizmetlerimiz ~ Leader EU Hizmetleri Hava Ta\u015f\u0131mac\u0131l\u0131\u011f\u0131 H\u0131zl\u0131 ve g\u00fcvenli havayolu ta\u015f\u0131mac\u0131l\u0131\u011f\u0131 \u00e7\u00f6z\u00fcmlerimizle zaman kazan\u0131n ve i\u015finize h\u0131z kat\u0131n. Hava Ta\u015f\u0131mac\u0131l\u0131\u011f\u0131 H\u0131zl\u0131 ve g\u00fcvenli havayolu ta\u015f\u0131mac\u0131l\u0131\u011f\u0131 \u00e7\u00f6z\u00fcmlerimizle zaman kazan\u0131n ve i\u015finize h\u0131z kat\u0131n. Demiryolu Ta\u015f\u0131mac\u0131l\u0131\u011f\u0131 Ekonomik ve \u00e7evre dostu lojistik \u00e7\u00f6z\u00fcmleri sunan demiryolu ta\u015f\u0131mac\u0131l\u0131\u011f\u0131 hizmetlerimizden faydalan\u0131n. Demiryolu Ta\u015f\u0131mac\u0131l\u0131\u011f\u0131 Ekonomik ve \u00e7evre dostu lojistik \u00e7\u00f6z\u00fcmleri [&hellip;]<\/p>\n","protected":false},"author":1,"featured_media":0,"parent":0,"menu_order":0,"comment_status":"closed","ping_status":"closed","template":"tpl-default-elementor.php","meta":{"footnotes":""},"class_list":["post-5502","page","type-page","status-publish","hentry"],"_links":{"self":[{"href":"https:\/\/leadereu.com\/tr\/wp-json\/wp\/v2\/pages\/5502","targetHints":{"allow":["GET"]}}],"collection":[{"href":"https:\/\/leadereu.com\/tr\/wp-json\/wp\/v2\/pages"}],"about":[{"href":"https:\/\/leadereu.com\/tr\/wp-json\/wp\/v2\/types\/page"}],"author":[{"embeddable":true,"href":"https:\/\/leadereu.com\/tr\/wp-json\/wp\/v2\/users\/1"}],"replies":[{"embeddable":true,"href":"https:\/\/leadereu.com\/tr\/wp-json\/wp\/v2\/comments?post=5502"}],"version-history":[{"count":4,"href":"https:\/\/leadereu.com\/tr\/wp-json\/wp\/v2\/pages\/5502\/revisions"}],"predecessor-version":[{"id":5510,"href":"https:\/\/leadereu.com\/tr\/wp-json\/wp\/v2\/pages\/5502\/revisions\/5510"}],"wp:attachment":[{"href":"https:\/\/leadereu.com\/tr\/wp-json\/wp\/v2\/media?parent=5502"}],"curies":[{"name":"wp","href":"https:\/\/api.w.org\/{rel}","templated":true}]}}