{"id":5476,"date":"2024-09-19T22:14:32","date_gmt":"2024-09-19T19:14:32","guid":{"rendered":"https:\/\/leadereu.com\/about-us\/"},"modified":"2024-09-19T22:14:32","modified_gmt":"2024-09-19T19:14:32","slug":"about-us","status":"publish","type":"page","link":"https:\/\/leadereu.com\/tr\/about-us\/","title":{"rendered":"Hakk\u0131m\u0131zda"},"content":{"rendered":"\t\t<div data-elementor-type=\"wp-page\" data-elementor-id=\"5476\" class=\"elementor elementor-5476 elementor-2159\">\n\t\t\t\t\t\t<section class=\"elementor-section elementor-top-section elementor-element elementor-element-01ffd57 elementor-section-full_width elementor-section-height-default elementor-section-height-default\" data-id=\"01ffd57\" data-element_type=\"section\">\n\t\t\t\t\t\t<div class=\"elementor-container elementor-column-gap-no\">\n\t\t\t\t\t<div class=\"elementor-column elementor-col-100 elementor-top-column elementor-element elementor-element-950e921\" data-id=\"950e921\" data-element_type=\"column\">\n\t\t\t<div class=\"elementor-widget-wrap elementor-element-populated\">\n\t\t\t\t\t\t<div class=\"elementor-element elementor-element-06da4f2 elementor-widget elementor-widget-vervoer_about\" data-id=\"06da4f2\" data-element_type=\"widget\" data-widget_type=\"vervoer_about.default\">\n\t\t\t\t<div class=\"elementor-widget-container\">\n\t\t\t\t\t\n\t\t\t\t\n\t\t\t\t\n\t\t<section class=\"company-about about-page  \">\n\t\t\t<div class=\"shape\" data-parallax='{\"y\": 50}'>\n\t\t\t\t   \n\t\t\t\t<img decoding=\"async\" src=\"https:\/\/leadereu.com\/wp-content\/uploads\/2022\/11\/Illustration-shape.png\" alt=\"\"\/>\n\t\t\t\t\t\t\t<\/div> \n\t\t\t<div class=\"container\">\n\t\t\t\t<div class=\"row\">\n\t\t\t\t\t<div class=\"col-xl-6 col-lg-12\">\n\t\t\t\t\t\t<div class=\"image-colmun\">\n\t\t\t\t\t\t\t<div class=\"image-box\">\n\t\t\t\t\t\t\t\t   \n\t\t\t\t\t\t\t\t<img decoding=\"async\" src=\"https:\/\/leadereu.com\/wp-content\/uploads\/2024\/09\/importexport.png\" alt=\"\"\/>\n\t\t\t\t\t\t\t\t\t\t\t\t\t\t\t<\/div>\n\t\t\t\t\t\t\t\t\t\t\t\t\t\t<div class=\"image-box-1\" style=\"background-image: url(https:\/\/leadereu.com\/wp-content\/uploads\/2023\/01\/Rectangle-83.jpg);\">\n\t\t\t\t\t\t\t\t\t\t\t\t\t\t\n\t\t\t\t\t\t\t\t<div class=\"text-inner\">\n\t\t\t\t\t\t\t\t\t<div class=\"logo\">\n\t\t\t\t\t\t\t\t\t\t   \n\t\t\t\t\t\t\t\t\t\t<img decoding=\"async\" src=\"https:\/\/leadereu.com\/wp-content\/uploads\/2024\/09\/leader-eu-logo-n-w.png\" alt=\"\"\/>\n\t\t\t\t\t\t\t\t\t\t\t\t\t\t\t\t\t\t\t<\/div>\n\t\t\t\t\t\t\t\t\t<div class=\"qoute\">\u201c<\/div>\n\t\t\t\t\t\t\t\t\t<div class=\"text mb_30\"><\/div>\n\t\t\t\t\t\t\t\t\t<div class=\"basic-info\">\n\t\t\t\t\t\t\t\t\t\t<div class=\"text-left\">\n\t\t\t\t\t\t\t\t\t\t\t<div class=\"authre-name\"><\/div>\n\t\t\t\t\t\t\t\t\t\t\t<div class=\"designation\"><\/div>\n\t\t\t\t\t\t\t\t\t\t<\/div>                                \n\t\t\t\t\t\t\t\t\t\t<div class=\"sign\">Bulgaristan<\/div>\n\t\t\t\t\t\t\t\t\t<\/div>\n\t\t\t\t\t\t\t\t<\/div>                       \n\t\t\t\t\t\t\t<\/div>\n\t\t\t\t\t\t<\/div>                \n\t\t\t\t\t<\/div>\n\t\t\t\t\t<div class=\"col-xl-6 col-lg-12\">\n\t\t\t\t\t\t<div class=\"content-colmun\">                                       \n\t\t\t\t\t\t\t<div class=\"section-title\">\n\t\t\t\t\t\t\t\t<div class=\"sub-title\">~ Leader EU Hakk\u0131nda~<\/div>\n\t\t\t\t\t\t\t\t<h3 class=\"title\">Biz<span> kimiz?<\/span><\/h3>\n\t\t\t\t\t\t\t\t<p class=\"title-text\">Leader EU, Bulgaristan merkezli bir \u015firket olarak ithalat-ihracat, genel ticaret ve mal al\u0131m sat\u0131m\u0131 alanlar\u0131nda uzmanla\u015fm\u0131\u015ft\u0131r. Avrupa Birli\u011fi, Bulgaristan ve T\u00fcrkiye\u2019de geni\u015f bir yelpazede hizmetler sunan firmam\u0131z, karayolu, havayolu ve demiryolu ta\u015f\u0131mac\u0131l\u0131\u011f\u0131yla sekt\u00f6rde fark yaratmaktad\u0131r. Yenilik\u00e7i ve s\u00fcrd\u00fcr\u00fclebilir ticaret \u00e7\u00f6z\u00fcmleri sunarak, m\u00fc\u015fterilerimize g\u00fcvenli, h\u0131zl\u0131 ve etkili hizmetler sunmay\u0131 taahh\u00fct ediyoruz.<\/p>\n\t\t\t\t\t\t\t<\/div>\n\t\t\t\t\t\t\t<div class=\"company-feature\">\n\t\t\t\t\t\t\t\n\t\t\t\t\t\t\t\t\t\t\t\t\t\t\t\t\n\t\t\t\t\t\t\t\t<div class=\"feature-block\">\n\t\t\t\t\t\t\t\t\t<div class=\"feature-inner\">\n\t\t\t\t\t\t\t\t\t\t<div class=\"icon-box\">\n\t\t\t\t\t\t\t\t\t\t\t\t\t\t\t\t\t\t\t\t\t\t<img decoding=\"async\" src=\"https:\/\/leadereu.com\/wp-content\/uploads\/2024\/09\/cropped-favicon-leader.png\" alt=\"\">\n\t\t\t\t\t\t\t\t\t\t\t\t\t\t\t\t\t\t\t\t\t<\/div>\n\t\t\t\t\t\t\t\t\t\t<h6 class=\"title\"><\/h6>\n\t\t\t\t\t\t\t\t\t<\/div>                            \n\t\t\t\t\t\t\t\t<\/div>\n\t\t\t\t\t\t\t\t\n\t\t\t\t\t\t\t\t\t\t\t\t\t\t\t\t\n\t\t\t\t\t\t\t<\/div>                                        \n\t\t\t\t\t\t\t<div class=\"mail-info\"> <a href=\"\"><\/a><\/div>\n\t\t\t\t\t\t\t\n\t\t\t\t\t\t\t\t\t\t\t\t\t<\/div>                \n\t\t\t\t\t<\/div>\n\t\t\t\t<\/div>\n\t\t\t<\/div>\n\t\t<\/section>\n\t\t\n\t\t             \n\t\t\t\t<\/div>\n\t\t\t\t<\/div>\n\t\t\t\t\t<\/div>\n\t\t<\/div>\n\t\t\t\t\t<\/div>\n\t\t<\/section>\n\t\t\t\t<section class=\"elementor-section elementor-top-section elementor-element elementor-element-4434dfe4 elementor-section-boxed elementor-section-height-default elementor-section-height-default\" data-id=\"4434dfe4\" data-element_type=\"section\">\n\t\t\t\t\t\t<div class=\"elementor-container elementor-column-gap-default\">\n\t\t\t\t\t<div class=\"elementor-column elementor-col-100 elementor-top-column elementor-element elementor-element-6f1fe8e0\" data-id=\"6f1fe8e0\" data-element_type=\"column\">\n\t\t\t<div class=\"elementor-widget-wrap elementor-element-populated\">\n\t\t\t\t\t\t<div class=\"elementor-element elementor-element-4e3eeede elementor-widget elementor-widget-heading\" data-id=\"4e3eeede\" data-element_type=\"widget\" data-widget_type=\"heading.default\">\n\t\t\t\t<div class=\"elementor-widget-container\">\n\t\t\t<style>\/*! elementor - v3.23.0 - 05-08-2024 *\/\n.elementor-heading-title{padding:0;margin:0;line-height:1}.elementor-widget-heading .elementor-heading-title[class*=elementor-size-]>a{color:inherit;font-size:inherit;line-height:inherit}.elementor-widget-heading .elementor-heading-title.elementor-size-small{font-size:15px}.elementor-widget-heading .elementor-heading-title.elementor-size-medium{font-size:19px}.elementor-widget-heading .elementor-heading-title.elementor-size-large{font-size:29px}.elementor-widget-heading .elementor-heading-title.elementor-size-xl{font-size:39px}.elementor-widget-heading .elementor-heading-title.elementor-size-xxl{font-size:59px}<\/style><h4 class=\"elementor-heading-title elementor-size-default\">~ Leader EU~<\/h4>\t\t<\/div>\n\t\t\t\t<\/div>\n\t\t\t\t<div class=\"elementor-element elementor-element-48f634f sec_title elementor-widget elementor-widget-heading\" data-id=\"48f634f\" data-element_type=\"widget\" data-widget_type=\"heading.default\">\n\t\t\t\t<div class=\"elementor-widget-container\">\n\t\t\t<h3 class=\"elementor-heading-title elementor-size-default\">Neden <span>biz?<\/span><\/h3>\t\t<\/div>\n\t\t\t\t<\/div>\n\t\t\t\t<section class=\"elementor-section elementor-inner-section elementor-element elementor-element-44b72b7a elementor-section-full_width elementor-section-height-default elementor-section-height-default\" data-id=\"44b72b7a\" data-element_type=\"section\">\n\t\t\t\t\t\t<div class=\"elementor-container elementor-column-gap-no\">\n\t\t\t\t\t<div class=\"elementor-column elementor-col-25 elementor-inner-column elementor-element elementor-element-66910605\" data-id=\"66910605\" data-element_type=\"column\">\n\t\t\t<div class=\"elementor-widget-wrap elementor-element-populated\">\n\t\t\t\t\t\t<div class=\"elementor-element elementor-element-9101090 elementor-widget elementor-widget-vervoer_features_block\" data-id=\"9101090\" data-element_type=\"widget\" data-widget_type=\"vervoer_features_block.default\">\n\t\t\t\t<div class=\"elementor-widget-container\">\n\t\t\t\t\t\n\t\t<section class=\"our-features \">\n\t\t\t<div class=\"container\">\n\t\t\t\t<div class=\"row\">\n\t\t\t\t\t<div class=\"col-sm-12\">\n\t\t\t\t\t\t<div class=\"feature-block-three mb_40 centred wow fadeInUp animated\" data-wow-delay=\"00ms\" data-wow-duration=\"1500ms\">\n\t\t\t\t\t\t\t<div class=\"icon-box\">\n\t\t\t\t\t\t\t\t   \n\t\t\t\t\t\t\t\t<img decoding=\"async\" src=\"https:\/\/leadereu.com\/wp-content\/uploads\/2022\/11\/low-price-2-1-1.png\" alt=\"\"\/>\n\t\t\t\t\t\t\t\t\t\t\t\t\t\t\t<\/div>\n\t\t\t\t\t\t\t<h5>Deneyim<br><p>30 y\u0131l\u0131 a\u015fk\u0131n sekt\u00f6r tecr\u00fcbesi.<\/p><\/h5>\n\t\t\t\t\t\t<\/div>\n\t\t\t\t\t<\/div>\n\t\t\t\t<\/div>\n\t\t\t<\/div>\n\t\t<\/section>\n             \n\t\t\t\t<\/div>\n\t\t\t\t<\/div>\n\t\t\t\t\t<\/div>\n\t\t<\/div>\n\t\t\t\t<div class=\"elementor-column elementor-col-25 elementor-inner-column elementor-element elementor-element-765ef171\" data-id=\"765ef171\" data-element_type=\"column\">\n\t\t\t<div class=\"elementor-widget-wrap elementor-element-populated\">\n\t\t\t\t\t\t<div class=\"elementor-element elementor-element-35bc45f1 elementor-widget elementor-widget-vervoer_features_block\" data-id=\"35bc45f1\" data-element_type=\"widget\" data-widget_type=\"vervoer_features_block.default\">\n\t\t\t\t<div class=\"elementor-widget-container\">\n\t\t\t\t\t\n\t\t<section class=\"our-features \">\n\t\t\t<div class=\"container\">\n\t\t\t\t<div class=\"row\">\n\t\t\t\t\t<div class=\"col-sm-12\">\n\t\t\t\t\t\t<div class=\"feature-block-three mb_40 centred wow fadeInUp animated\" data-wow-delay=\"00ms\" data-wow-duration=\"1500ms\">\n\t\t\t\t\t\t\t<div class=\"icon-box\">\n\t\t\t\t\t\t\t\t   \n\t\t\t\t\t\t\t\t<img decoding=\"async\" src=\"https:\/\/leadereu.com\/wp-content\/uploads\/2022\/11\/express-delivery-2.png\" alt=\"\"\/>\n\t\t\t\t\t\t\t\t\t\t\t\t\t\t\t<\/div>\n\t\t\t\t\t\t\t<h5>H\u0131z<br><p> En h\u0131zl\u0131 ve g\u00fcvenilir ta\u015f\u0131mac\u0131l\u0131k \u00e7\u00f6z\u00fcmleri.<\/p><\/h5>\n\t\t\t\t\t\t<\/div>\n\t\t\t\t\t<\/div>\n\t\t\t\t<\/div>\n\t\t\t<\/div>\n\t\t<\/section>\n             \n\t\t\t\t<\/div>\n\t\t\t\t<\/div>\n\t\t\t\t\t<\/div>\n\t\t<\/div>\n\t\t\t\t<div class=\"elementor-column elementor-col-25 elementor-inner-column elementor-element elementor-element-7569afa2\" data-id=\"7569afa2\" data-element_type=\"column\">\n\t\t\t<div class=\"elementor-widget-wrap elementor-element-populated\">\n\t\t\t\t\t\t<div class=\"elementor-element elementor-element-471d2252 elementor-widget elementor-widget-vervoer_features_block\" data-id=\"471d2252\" data-element_type=\"widget\" data-widget_type=\"vervoer_features_block.default\">\n\t\t\t\t<div class=\"elementor-widget-container\">\n\t\t\t\t\t\n\t\t<section class=\"our-features Reliability: Always delivering as promised.\n\">\n\t\t\t<div class=\"container\">\n\t\t\t\t<div class=\"row\">\n\t\t\t\t\t<div class=\"col-sm-12\">\n\t\t\t\t\t\t<div class=\"feature-block-three mb_40 centred wow fadeInUp animated\" data-wow-delay=\"00ms\" data-wow-duration=\"1500ms\">\n\t\t\t\t\t\t\t<div class=\"icon-box\">\n\t\t\t\t\t\t\t\t   \n\t\t\t\t\t\t\t\t<img decoding=\"async\" src=\"https:\/\/leadereu.com\/wp-content\/uploads\/2022\/11\/credit-card-1.png\" alt=\"\"\/>\n\t\t\t\t\t\t\t\t\t\t\t\t\t\t\t<\/div>\n\t\t\t\t\t\t\t<h5>G\u00fcvenilirlik<br><p>Her zaman s\u00f6z verdi\u011fimiz gibi.<\/p><\/h5>\n\t\t\t\t\t\t<\/div>\n\t\t\t\t\t<\/div>\n\t\t\t\t<\/div>\n\t\t\t<\/div>\n\t\t<\/section>\n             \n\t\t\t\t<\/div>\n\t\t\t\t<\/div>\n\t\t\t\t\t<\/div>\n\t\t<\/div>\n\t\t\t\t<div class=\"elementor-column elementor-col-25 elementor-inner-column elementor-element elementor-element-7d0b92ed\" data-id=\"7d0b92ed\" data-element_type=\"column\">\n\t\t\t<div class=\"elementor-widget-wrap elementor-element-populated\">\n\t\t\t\t\t\t<div class=\"elementor-element elementor-element-2c2596d5 elementor-widget elementor-widget-vervoer_features_block\" data-id=\"2c2596d5\" data-element_type=\"widget\" data-widget_type=\"vervoer_features_block.default\">\n\t\t\t\t<div class=\"elementor-widget-container\">\n\t\t\t\t\t\n\t\t<section class=\"our-features \">\n\t\t\t<div class=\"container\">\n\t\t\t\t<div class=\"row\">\n\t\t\t\t\t<div class=\"col-sm-12\">\n\t\t\t\t\t\t<div class=\"feature-block-three mb_40 centred wow fadeInUp animated\" data-wow-delay=\"00ms\" data-wow-duration=\"1500ms\">\n\t\t\t\t\t\t\t<div class=\"icon-box\">\n\t\t\t\t\t\t\t\t   \n\t\t\t\t\t\t\t\t<img decoding=\"async\" src=\"https:\/\/leadereu.com\/wp-content\/uploads\/2022\/11\/warehouse-1.png\" alt=\"\"\/>\n\t\t\t\t\t\t\t\t\t\t\t\t\t\t\t<\/div>\n\t\t\t\t\t\t\t<h5>S\u00fcrd\u00fcr\u00fclebilirlik<br><p> \u00c7evre dostu ve yenilik\u00e7i \u00e7\u00f6z\u00fcmler.<\/p><\/h5>\n\t\t\t\t\t\t<\/div>\n\t\t\t\t\t<\/div>\n\t\t\t\t<\/div>\n\t\t\t<\/div>\n\t\t<\/section>\n             \n\t\t\t\t<\/div>\n\t\t\t\t<\/div>\n\t\t\t\t\t<\/div>\n\t\t<\/div>\n\t\t\t\t\t<\/div>\n\t\t<\/section>\n\t\t\t\t<section class=\"elementor-section elementor-inner-section elementor-element elementor-element-6a574a03 elementor-section-full_width elementor-section-height-default elementor-section-height-default\" data-id=\"6a574a03\" data-element_type=\"section\">\n\t\t\t\t\t\t<div class=\"elementor-container elementor-column-gap-no\">\n\t\t\t\t\t<div class=\"elementor-column elementor-col-50 elementor-inner-column elementor-element elementor-element-49cbbc17\" data-id=\"49cbbc17\" data-element_type=\"column\">\n\t\t\t<div class=\"elementor-widget-wrap elementor-element-populated\">\n\t\t\t\t\t\t<div class=\"elementor-element elementor-element-5c19d88c elementor-widget elementor-widget-vervoer_features_bg\" data-id=\"5c19d88c\" data-element_type=\"widget\" data-widget_type=\"vervoer_features_bg.default\">\n\t\t\t\t<div class=\"elementor-widget-container\">\n\t\t\t        \n\t\t<section class=\"our-features \">\n\t\t\t<div class=\"container\">\n\t\t\t\t<div class=\"row\">\n\t\t\t\t\t<div class=\"col-xl-12 col-lg-12\">\n\t\t\t\t\t\t\t\t\t\t\t\t<div class=\"feature-banner mb_30 wow fadeInUp animated\" data-wow-delay=\"600ms\" data-wow-duration=\"1500ms\" style=\"background-image: url(https:\/\/leadereu.com\/wp-content\/uploads\/2023\/01\/Rectangle-80-1.jpg);\">\n\t\t\t\t\t\t\t\t\t\t\t\t\t<h6>D\u00fcnya genelinde ithalat, ihracat ve ta\u015f\u0131mac\u0131l\u0131k hizmetlerinde g\u00fcvenilir ve s\u00fcrd\u00fcr\u00fclebilir bir lider olarak tan\u0131nmak. Teknolojik yenilikleri ve \u00e7evre dostu \u00e7\u00f6z\u00fcmleri i\u015f s\u00fcre\u00e7lerimize entegre ederek m\u00fc\u015fterilerimize en y\u00fcksek kaliteyi sunmak.\n\n<\/h6>\n\t\t\t\t\t\t\t<h4><a href=\"\">V\u0130ZYON<\/a><\/h4>\n\t\t\t\t\t\t\t\t\t\t\t\t\t<\/div>\n\t\t\t\t\t<\/div>\n\t\t\t\t<\/div>\n\t\t\t<\/div>\n\t\t<\/section>\n             \n\t\t\t\t<\/div>\n\t\t\t\t<\/div>\n\t\t\t\t\t<\/div>\n\t\t<\/div>\n\t\t\t\t<div class=\"elementor-column elementor-col-50 elementor-inner-column elementor-element elementor-element-c1cc0f4\" data-id=\"c1cc0f4\" data-element_type=\"column\">\n\t\t\t<div class=\"elementor-widget-wrap elementor-element-populated\">\n\t\t\t\t\t\t<div class=\"elementor-element elementor-element-5f42928 elementor-widget elementor-widget-vervoer_features_bg\" data-id=\"5f42928\" data-element_type=\"widget\" data-widget_type=\"vervoer_features_bg.default\">\n\t\t\t\t<div class=\"elementor-widget-container\">\n\t\t\t        \n\t\t<section class=\"our-features \">\n\t\t\t<div class=\"container\">\n\t\t\t\t<div class=\"row\">\n\t\t\t\t\t<div class=\"col-xl-12 col-lg-12\">\n\t\t\t\t\t\t\t\t\t\t\t\t<div class=\"feature-banner mb_30 wow fadeInUp animated\" data-wow-delay=\"600ms\" data-wow-duration=\"1500ms\" style=\"background-image: url(https:\/\/leadereu.com\/wp-content\/uploads\/2023\/01\/Rectangle-80-1.jpg);\">\n\t\t\t\t\t\t\t\t\t\t\t\t\t<h6>M\u00fc\u015fterilerimize g\u00fcvenilir, h\u0131zl\u0131 ve s\u00fcrd\u00fcr\u00fclebilir ticaret ve ta\u015f\u0131mac\u0131l\u0131k hizmetleri sunarak, i\u015flerini b\u00fcy\u00fctmelerine ve k\u00fcresel pazarda rekabet avantaj\u0131 elde etmelerine yard\u0131mc\u0131 olmak. Kalite, g\u00fcvenlik ve \u00e7evre dostu \u00e7\u00f6z\u00fcmleri \u00f6nceliklendirerek sekt\u00f6rdeki en iyi uygulamalar\u0131 sunmay\u0131 hedefliyoruz.\n\n<\/h6>\n\t\t\t\t\t\t\t<h4><a href=\"\">Misyon <\/a><\/h4>\n\t\t\t\t\t\t\t\t\t\t\t\t\t<\/div>\n\t\t\t\t\t<\/div>\n\t\t\t\t<\/div>\n\t\t\t<\/div>\n\t\t<\/section>\n             \n\t\t\t\t<\/div>\n\t\t\t\t<\/div>\n\t\t\t\t\t<\/div>\n\t\t<\/div>\n\t\t\t\t\t<\/div>\n\t\t<\/section>\n\t\t\t\t\t<\/div>\n\t\t<\/div>\n\t\t\t\t\t<\/div>\n\t\t<\/section>\n\t\t\t\t<\/div>\n\t\t","protected":false},"excerpt":{"rendered":"<p>\u201c Bulgaristan ~ Leader EU Hakk\u0131nda~ Biz kimiz? Leader EU, Bulgaristan merkezli bir \u015firket olarak ithalat-ihracat, genel ticaret ve mal al\u0131m sat\u0131m\u0131 alanlar\u0131nda uzmanla\u015fm\u0131\u015ft\u0131r. Avrupa Birli\u011fi, Bulgaristan ve T\u00fcrkiye\u2019de geni\u015f bir yelpazede hizmetler sunan firmam\u0131z, karayolu, havayolu ve demiryolu ta\u015f\u0131mac\u0131l\u0131\u011f\u0131yla sekt\u00f6rde fark yaratmaktad\u0131r. Yenilik\u00e7i ve s\u00fcrd\u00fcr\u00fclebilir ticaret \u00e7\u00f6z\u00fcmleri sunarak, m\u00fc\u015fterilerimize g\u00fcvenli, h\u0131zl\u0131 ve etkili hizmetler [&hellip;]<\/p>\n","protected":false},"author":1,"featured_media":0,"parent":0,"menu_order":0,"comment_status":"closed","ping_status":"closed","template":"tpl-default-elementor.php","meta":{"footnotes":""},"class_list":["post-5476","page","type-page","status-publish","hentry"],"_links":{"self":[{"href":"https:\/\/leadereu.com\/tr\/wp-json\/wp\/v2\/pages\/5476","targetHints":{"allow":["GET"]}}],"collection":[{"href":"https:\/\/leadereu.com\/tr\/wp-json\/wp\/v2\/pages"}],"about":[{"href":"https:\/\/leadereu.com\/tr\/wp-json\/wp\/v2\/types\/page"}],"author":[{"embeddable":true,"href":"https:\/\/leadereu.com\/tr\/wp-json\/wp\/v2\/users\/1"}],"replies":[{"embeddable":true,"href":"https:\/\/leadereu.com\/tr\/wp-json\/wp\/v2\/comments?post=5476"}],"version-history":[{"count":7,"href":"https:\/\/leadereu.com\/tr\/wp-json\/wp\/v2\/pages\/5476\/revisions"}],"predecessor-version":[{"id":5546,"href":"https:\/\/leadereu.com\/tr\/wp-json\/wp\/v2\/pages\/5476\/revisions\/5546"}],"wp:attachment":[{"href":"https:\/\/leadereu.com\/tr\/wp-json\/wp\/v2\/media?parent=5476"}],"curies":[{"name":"wp","href":"https:\/\/api.w.org\/{rel}","templated":true}]}}